{"id":455,"date":"2024-07-10T08:11:27","date_gmt":"2024-07-10T08:11:27","guid":{"rendered":"https:\/\/lesfillesbonhomme.be\/?page_id=455"},"modified":"2025-05-06T07:21:50","modified_gmt":"2025-05-06T07:21:50","slug":"mentions-legales","status":"publish","type":"page","link":"http:\/\/lesfillesbonhomme.be\/mentions-legales\/","title":{"rendered":"Mentions l\u00e9gales"},"content":{"rendered":"<style>.kb-row-layout-id455_0eb8d6-33 > .kt-row-column-wrap{align-content:start;}:where(.kb-row-layout-id455_0eb8d6-33 > .kt-row-column-wrap) > .wp-block-kadence-column{justify-content:start;}.kb-row-layout-id455_0eb8d6-33 > .kt-row-column-wrap{column-gap:var(--global-kb-gap-md, 2rem);row-gap:var(--global-kb-gap-md, 2rem);max-width:1400px;margin-left:auto;margin-right:auto;padding-top:var(--global-kb-spacing-sm, 1.5rem);padding-bottom:var(--global-kb-spacing-sm, 1.5rem);grid-template-columns:minmax(0, 1fr);}.kb-row-layout-id455_0eb8d6-33 > .kt-row-layout-overlay{opacity:0.30;}@media all and (max-width: 1024px){.kb-row-layout-id455_0eb8d6-33 > .kt-row-column-wrap{grid-template-columns:minmax(0, 1fr);}}@media all and (max-width: 767px){.kb-row-layout-id455_0eb8d6-33 > .kt-row-column-wrap{grid-template-columns:minmax(0, 1fr);}}<\/style><div class=\"kb-row-layout-wrap kb-row-layout-id455_0eb8d6-33 alignnone wp-block-kadence-rowlayout\"><div class=\"kt-row-column-wrap kt-has-1-columns kt-row-layout-equal kt-tab-layout-inherit kt-mobile-layout-row kt-row-valign-top\">\n<style>.kadence-column455_d8128c-b8 > .kt-inside-inner-col,.kadence-column455_d8128c-b8 > .kt-inside-inner-col:before{border-top-left-radius:0px;border-top-right-radius:0px;border-bottom-right-radius:0px;border-bottom-left-radius:0px;}.kadence-column455_d8128c-b8 > .kt-inside-inner-col{column-gap:var(--global-kb-gap-sm, 1rem);}.kadence-column455_d8128c-b8 > .kt-inside-inner-col{flex-direction:column;}.kadence-column455_d8128c-b8 > .kt-inside-inner-col > .aligncenter{width:100%;}.kadence-column455_d8128c-b8 > .kt-inside-inner-col:before{opacity:0.3;}.kadence-column455_d8128c-b8{position:relative;}@media all and (max-width: 1024px){.kadence-column455_d8128c-b8 > .kt-inside-inner-col{flex-direction:column;justify-content:center;}}@media all and (max-width: 767px){.kadence-column455_d8128c-b8 > .kt-inside-inner-col{padding-right:var(--global-kb-spacing-xxs, 0.5rem);padding-left:var(--global-kb-spacing-xxs, 0.5rem);flex-direction:column;justify-content:center;}}<\/style>\n<div class=\"wp-block-kadence-column kadence-column455_d8128c-b8\"><div class=\"kt-inside-inner-col\"><style>.wp-block-kadence-spacer.kt-block-spacer-455_c73c9f-e9 .kt-block-spacer{height:110px;}.wp-block-kadence-spacer.kt-block-spacer-455_c73c9f-e9 .kt-divider{border-top-width:1px;height:1px;border-top-color:#eee;width:80%;border-top-style:solid;}<\/style>\n<div class=\"wp-block-kadence-spacer aligncenter kt-block-spacer-455_c73c9f-e9\"><div class=\"kt-block-spacer kt-block-spacer-halign-center\"><\/div><\/div>\n\n\n<style>.wp-block-kadence-advancedheading.kt-adv-heading455_4d73ee-67, .wp-block-kadence-advancedheading.kt-adv-heading455_4d73ee-67[data-kb-block=\"kb-adv-heading455_4d73ee-67\"]{text-align:center;font-style:normal;}.wp-block-kadence-advancedheading.kt-adv-heading455_4d73ee-67 mark.kt-highlight, .wp-block-kadence-advancedheading.kt-adv-heading455_4d73ee-67[data-kb-block=\"kb-adv-heading455_4d73ee-67\"] mark.kt-highlight{font-style:normal;color:#f76a0c;-webkit-box-decoration-break:clone;box-decoration-break:clone;padding-top:0px;padding-right:0px;padding-bottom:0px;padding-left:0px;}.wp-block-kadence-advancedheading.kt-adv-heading455_4d73ee-67 img.kb-inline-image, .wp-block-kadence-advancedheading.kt-adv-heading455_4d73ee-67[data-kb-block=\"kb-adv-heading455_4d73ee-67\"] img.kb-inline-image{width:150px;vertical-align:baseline;}<\/style>\n<h1 class=\"kt-adv-heading455_4d73ee-67 wp-block-kadence-advancedheading\" data-kb-block=\"kb-adv-heading455_4d73ee-67\">Mentions L\u00e9gales<\/h1>\n\n\n<style>.wp-block-kadence-advancedheading.kt-adv-heading455_8a4d96-e8, .wp-block-kadence-advancedheading.kt-adv-heading455_8a4d96-e8[data-kb-block=\"kb-adv-heading455_8a4d96-e8\"]{font-style:normal;}.wp-block-kadence-advancedheading.kt-adv-heading455_8a4d96-e8 mark.kt-highlight, .wp-block-kadence-advancedheading.kt-adv-heading455_8a4d96-e8[data-kb-block=\"kb-adv-heading455_8a4d96-e8\"] mark.kt-highlight{font-style:normal;color:#f76a0c;-webkit-box-decoration-break:clone;box-decoration-break:clone;padding-top:0px;padding-right:0px;padding-bottom:0px;padding-left:0px;}.wp-block-kadence-advancedheading.kt-adv-heading455_8a4d96-e8 img.kb-inline-image, .wp-block-kadence-advancedheading.kt-adv-heading455_8a4d96-e8[data-kb-block=\"kb-adv-heading455_8a4d96-e8\"] img.kb-inline-image{width:150px;vertical-align:baseline;}<\/style>\n<h2 class=\"kt-adv-heading455_8a4d96-e8 wp-block-kadence-advancedheading\" data-kb-block=\"kb-adv-heading455_8a4d96-e8\">1. Pr\u00e9sentation du site<\/h2>\n\n\n<style>.wp-block-kadence-advancedheading.kt-adv-heading455_dd1e5e-eb, .wp-block-kadence-advancedheading.kt-adv-heading455_dd1e5e-eb[data-kb-block=\"kb-adv-heading455_dd1e5e-eb\"]{font-style:normal;color:#020202;}.wp-block-kadence-advancedheading.kt-adv-heading455_dd1e5e-eb mark.kt-highlight, .wp-block-kadence-advancedheading.kt-adv-heading455_dd1e5e-eb[data-kb-block=\"kb-adv-heading455_dd1e5e-eb\"] mark.kt-highlight{font-style:normal;color:#f76a0c;-webkit-box-decoration-break:clone;box-decoration-break:clone;padding-top:0px;padding-right:0px;padding-bottom:0px;padding-left:0px;}.wp-block-kadence-advancedheading.kt-adv-heading455_dd1e5e-eb img.kb-inline-image, .wp-block-kadence-advancedheading.kt-adv-heading455_dd1e5e-eb[data-kb-block=\"kb-adv-heading455_dd1e5e-eb\"] img.kb-inline-image{width:150px;vertical-align:baseline;}<\/style>\n<p class=\"kt-adv-heading455_dd1e5e-eb wp-block-kadence-advancedheading\" data-kb-block=\"kb-adv-heading455_dd1e5e-eb\">Propri\u00e9taire du site : Les filles Bonhomme <br>Rue de l\u2019Enfer 215, <br>6730 Saint-Vincent <br>[+32 499 21 26 63] <br><a href=\"mailto:contact@lesfillesbonhomme.be\">contact@lesfillesbonhomme.be<\/a><\/p>\n\n\n<style>.wp-block-kadence-advancedheading.kt-adv-heading455_d1c0cb-db, .wp-block-kadence-advancedheading.kt-adv-heading455_d1c0cb-db[data-kb-block=\"kb-adv-heading455_d1c0cb-db\"]{font-style:normal;}.wp-block-kadence-advancedheading.kt-adv-heading455_d1c0cb-db mark.kt-highlight, .wp-block-kadence-advancedheading.kt-adv-heading455_d1c0cb-db[data-kb-block=\"kb-adv-heading455_d1c0cb-db\"] mark.kt-highlight{font-style:normal;color:#f76a0c;-webkit-box-decoration-break:clone;box-decoration-break:clone;padding-top:0px;padding-right:0px;padding-bottom:0px;padding-left:0px;}.wp-block-kadence-advancedheading.kt-adv-heading455_d1c0cb-db img.kb-inline-image, .wp-block-kadence-advancedheading.kt-adv-heading455_d1c0cb-db[data-kb-block=\"kb-adv-heading455_d1c0cb-db\"] img.kb-inline-image{width:150px;vertical-align:baseline;}<\/style>\n<p class=\"kt-adv-heading455_d1c0cb-db wp-block-kadence-advancedheading\" data-kb-block=\"kb-adv-heading455_d1c0cb-db\">N\u00b0 d&rsquo;entreprise : 0764.536.776<\/p>\n\n\n<style>.wp-block-kadence-advancedheading.kt-adv-heading455_e3f1b8-1f, .wp-block-kadence-advancedheading.kt-adv-heading455_e3f1b8-1f[data-kb-block=\"kb-adv-heading455_e3f1b8-1f\"]{font-style:normal;}.wp-block-kadence-advancedheading.kt-adv-heading455_e3f1b8-1f mark.kt-highlight, .wp-block-kadence-advancedheading.kt-adv-heading455_e3f1b8-1f[data-kb-block=\"kb-adv-heading455_e3f1b8-1f\"] mark.kt-highlight{font-style:normal;color:#f76a0c;-webkit-box-decoration-break:clone;box-decoration-break:clone;padding-top:0px;padding-right:0px;padding-bottom:0px;padding-left:0px;}.wp-block-kadence-advancedheading.kt-adv-heading455_e3f1b8-1f img.kb-inline-image, .wp-block-kadence-advancedheading.kt-adv-heading455_e3f1b8-1f[data-kb-block=\"kb-adv-heading455_e3f1b8-1f\"] img.kb-inline-image{width:150px;vertical-align:baseline;}<\/style>\n<h5 class=\"kt-adv-heading455_e3f1b8-1f wp-block-kadence-advancedheading\" data-kb-block=\"kb-adv-heading455_e3f1b8-1f\"><strong>Directeur de la publication :<\/strong><\/h5>\n\n\n<style>.wp-block-kadence-advancedheading.kt-adv-heading455_f8abaf-6d, .wp-block-kadence-advancedheading.kt-adv-heading455_f8abaf-6d[data-kb-block=\"kb-adv-heading455_f8abaf-6d\"]{font-style:normal;}.wp-block-kadence-advancedheading.kt-adv-heading455_f8abaf-6d mark.kt-highlight, .wp-block-kadence-advancedheading.kt-adv-heading455_f8abaf-6d[data-kb-block=\"kb-adv-heading455_f8abaf-6d\"] mark.kt-highlight{font-style:normal;color:#f76a0c;-webkit-box-decoration-break:clone;box-decoration-break:clone;padding-top:0px;padding-right:0px;padding-bottom:0px;padding-left:0px;}.wp-block-kadence-advancedheading.kt-adv-heading455_f8abaf-6d img.kb-inline-image, .wp-block-kadence-advancedheading.kt-adv-heading455_f8abaf-6d[data-kb-block=\"kb-adv-heading455_f8abaf-6d\"] img.kb-inline-image{width:150px;vertical-align:baseline;}<\/style>\n<p class=\"kt-adv-heading455_f8abaf-6d wp-block-kadence-advancedheading\" data-kb-block=\"kb-adv-heading455_f8abaf-6d\">Sandrine Bonhomme<br><a href=\"mailto:contact@lesfillesbonhomme.be\">contact@lesfillesbonhomme.be<\/a><\/p>\n\n\n<style>.wp-block-kadence-advancedheading.kt-adv-heading455_3a7350-24, .wp-block-kadence-advancedheading.kt-adv-heading455_3a7350-24[data-kb-block=\"kb-adv-heading455_3a7350-24\"]{font-style:normal;}.wp-block-kadence-advancedheading.kt-adv-heading455_3a7350-24 mark.kt-highlight, .wp-block-kadence-advancedheading.kt-adv-heading455_3a7350-24[data-kb-block=\"kb-adv-heading455_3a7350-24\"] mark.kt-highlight{font-style:normal;color:#f76a0c;-webkit-box-decoration-break:clone;box-decoration-break:clone;padding-top:0px;padding-right:0px;padding-bottom:0px;padding-left:0px;}.wp-block-kadence-advancedheading.kt-adv-heading455_3a7350-24 img.kb-inline-image, .wp-block-kadence-advancedheading.kt-adv-heading455_3a7350-24[data-kb-block=\"kb-adv-heading455_3a7350-24\"] img.kb-inline-image{width:150px;vertical-align:baseline;}<\/style>\n<h5 class=\"kt-adv-heading455_3a7350-24 wp-block-kadence-advancedheading\" data-kb-block=\"kb-adv-heading455_3a7350-24\"><strong>H\u00e9bergeur du site :<\/strong><\/h5>\n\n\n<style>.wp-block-kadence-advancedheading.kt-adv-heading455_e75656-41, .wp-block-kadence-advancedheading.kt-adv-heading455_e75656-41[data-kb-block=\"kb-adv-heading455_e75656-41\"]{font-style:normal;}.wp-block-kadence-advancedheading.kt-adv-heading455_e75656-41 mark.kt-highlight, .wp-block-kadence-advancedheading.kt-adv-heading455_e75656-41[data-kb-block=\"kb-adv-heading455_e75656-41\"] mark.kt-highlight{font-style:normal;color:#f76a0c;-webkit-box-decoration-break:clone;box-decoration-break:clone;padding-top:0px;padding-right:0px;padding-bottom:0px;padding-left:0px;}.wp-block-kadence-advancedheading.kt-adv-heading455_e75656-41 img.kb-inline-image, .wp-block-kadence-advancedheading.kt-adv-heading455_e75656-41[data-kb-block=\"kb-adv-heading455_e75656-41\"] img.kb-inline-image{width:150px;vertical-align:baseline;}<\/style>\n<p class=\"kt-adv-heading455_e75656-41 wp-block-kadence-advancedheading\" data-kb-block=\"kb-adv-heading455_e75656-41\">Hostinger<\/p>\n\n\n<style>.wp-block-kadence-advancedheading.kt-adv-heading455_fb24da-76, .wp-block-kadence-advancedheading.kt-adv-heading455_fb24da-76[data-kb-block=\"kb-adv-heading455_fb24da-76\"]{font-style:normal;}.wp-block-kadence-advancedheading.kt-adv-heading455_fb24da-76 mark.kt-highlight, .wp-block-kadence-advancedheading.kt-adv-heading455_fb24da-76[data-kb-block=\"kb-adv-heading455_fb24da-76\"] mark.kt-highlight{font-style:normal;color:#f76a0c;-webkit-box-decoration-break:clone;box-decoration-break:clone;padding-top:0px;padding-right:0px;padding-bottom:0px;padding-left:0px;}.wp-block-kadence-advancedheading.kt-adv-heading455_fb24da-76 img.kb-inline-image, .wp-block-kadence-advancedheading.kt-adv-heading455_fb24da-76[data-kb-block=\"kb-adv-heading455_fb24da-76\"] img.kb-inline-image{width:150px;vertical-align:baseline;}<\/style>\n<h5 class=\"kt-adv-heading455_fb24da-76 wp-block-kadence-advancedheading\" data-kb-block=\"kb-adv-heading455_fb24da-76\"><strong>Certification Biologique<\/strong><\/h5>\n\n\n<style>.wp-block-kadence-advancedheading.kt-adv-heading455_9f8f6d-24, .wp-block-kadence-advancedheading.kt-adv-heading455_9f8f6d-24[data-kb-block=\"kb-adv-heading455_9f8f6d-24\"]{font-style:normal;}.wp-block-kadence-advancedheading.kt-adv-heading455_9f8f6d-24 mark.kt-highlight, .wp-block-kadence-advancedheading.kt-adv-heading455_9f8f6d-24[data-kb-block=\"kb-adv-heading455_9f8f6d-24\"] mark.kt-highlight{font-style:normal;color:#f76a0c;-webkit-box-decoration-break:clone;box-decoration-break:clone;padding-top:0px;padding-right:0px;padding-bottom:0px;padding-left:0px;}.wp-block-kadence-advancedheading.kt-adv-heading455_9f8f6d-24 img.kb-inline-image, .wp-block-kadence-advancedheading.kt-adv-heading455_9f8f6d-24[data-kb-block=\"kb-adv-heading455_9f8f6d-24\"] img.kb-inline-image{width:150px;vertical-align:baseline;}<\/style>\n<p class=\"kt-adv-heading455_9f8f6d-24 wp-block-kadence-advancedheading\" data-kb-block=\"kb-adv-heading455_9f8f6d-24\">Certisys, BE -BIO &#8211; 01<\/p>\n\n\n<style>.wp-block-kadence-advancedheading.kt-adv-heading455_b81caf-17, .wp-block-kadence-advancedheading.kt-adv-heading455_b81caf-17[data-kb-block=\"kb-adv-heading455_b81caf-17\"]{font-style:normal;}.wp-block-kadence-advancedheading.kt-adv-heading455_b81caf-17 mark.kt-highlight, .wp-block-kadence-advancedheading.kt-adv-heading455_b81caf-17[data-kb-block=\"kb-adv-heading455_b81caf-17\"] mark.kt-highlight{font-style:normal;color:#f76a0c;-webkit-box-decoration-break:clone;box-decoration-break:clone;padding-top:0px;padding-right:0px;padding-bottom:0px;padding-left:0px;}.wp-block-kadence-advancedheading.kt-adv-heading455_b81caf-17 img.kb-inline-image, .wp-block-kadence-advancedheading.kt-adv-heading455_b81caf-17[data-kb-block=\"kb-adv-heading455_b81caf-17\"] img.kb-inline-image{width:150px;vertical-align:baseline;}<\/style>\n<h2 class=\"kt-adv-heading455_b81caf-17 wp-block-kadence-advancedheading\" data-kb-block=\"kb-adv-heading455_b81caf-17\">2.Propri\u00e9t\u00e9 intellectuelle<\/h2>\n\n\n<style>.wp-block-kadence-advancedheading.kt-adv-heading455_ba7bb7-df, .wp-block-kadence-advancedheading.kt-adv-heading455_ba7bb7-df[data-kb-block=\"kb-adv-heading455_ba7bb7-df\"]{font-style:normal;}.wp-block-kadence-advancedheading.kt-adv-heading455_ba7bb7-df mark.kt-highlight, .wp-block-kadence-advancedheading.kt-adv-heading455_ba7bb7-df[data-kb-block=\"kb-adv-heading455_ba7bb7-df\"] mark.kt-highlight{font-style:normal;color:#f76a0c;-webkit-box-decoration-break:clone;box-decoration-break:clone;padding-top:0px;padding-right:0px;padding-bottom:0px;padding-left:0px;}.wp-block-kadence-advancedheading.kt-adv-heading455_ba7bb7-df img.kb-inline-image, .wp-block-kadence-advancedheading.kt-adv-heading455_ba7bb7-df[data-kb-block=\"kb-adv-heading455_ba7bb7-df\"] img.kb-inline-image{width:150px;vertical-align:baseline;}<\/style>\n<p class=\"kt-adv-heading455_ba7bb7-df wp-block-kadence-advancedheading\" data-kb-block=\"kb-adv-heading455_ba7bb7-df\">Le contenu du site (<a href=\"http:\/\/lesfillesbonhomme.be\">lesfillesbonhomme.be<\/a>) est prot\u00e9g\u00e9 par les lois belges et internationales relatives \u00e0 la propri\u00e9t\u00e9 intellectuelle. Tous les droits de reproduction sont r\u00e9serv\u00e9s, y compris pour les documents t\u00e9l\u00e9chargeables et les repr\u00e9sentations iconographiques et photographiques. Toute reproduction, distribution, modification, adaptation, retransmission ou publication, m\u00eame partielle, de ces diff\u00e9rents \u00e9l\u00e9ments est strictement interdite sans l&rsquo;accord expr\u00e8s par \u00e9crit d&rsquo;un responsable de chez Les Filles Bonhomme.<\/p>\n\n\n<style>.wp-block-kadence-advancedheading.kt-adv-heading455_b5112a-e2, .wp-block-kadence-advancedheading.kt-adv-heading455_b5112a-e2[data-kb-block=\"kb-adv-heading455_b5112a-e2\"]{font-style:normal;}.wp-block-kadence-advancedheading.kt-adv-heading455_b5112a-e2 mark.kt-highlight, .wp-block-kadence-advancedheading.kt-adv-heading455_b5112a-e2[data-kb-block=\"kb-adv-heading455_b5112a-e2\"] mark.kt-highlight{font-style:normal;color:#f76a0c;-webkit-box-decoration-break:clone;box-decoration-break:clone;padding-top:0px;padding-right:0px;padding-bottom:0px;padding-left:0px;}.wp-block-kadence-advancedheading.kt-adv-heading455_b5112a-e2 img.kb-inline-image, .wp-block-kadence-advancedheading.kt-adv-heading455_b5112a-e2[data-kb-block=\"kb-adv-heading455_b5112a-e2\"] img.kb-inline-image{width:150px;vertical-align:baseline;}<\/style>\n<h2 class=\"kt-adv-heading455_b5112a-e2 wp-block-kadence-advancedheading\" data-kb-block=\"kb-adv-heading455_b5112a-e2\">3. Protection des donn\u00e9es personnelles<\/h2>\n\n\n<style>.wp-block-kadence-advancedheading.kt-adv-heading455_f6f0ab-df, .wp-block-kadence-advancedheading.kt-adv-heading455_f6f0ab-df[data-kb-block=\"kb-adv-heading455_f6f0ab-df\"]{font-style:normal;}.wp-block-kadence-advancedheading.kt-adv-heading455_f6f0ab-df mark.kt-highlight, .wp-block-kadence-advancedheading.kt-adv-heading455_f6f0ab-df[data-kb-block=\"kb-adv-heading455_f6f0ab-df\"] mark.kt-highlight{font-style:normal;color:#f76a0c;-webkit-box-decoration-break:clone;box-decoration-break:clone;padding-top:0px;padding-right:0px;padding-bottom:0px;padding-left:0px;}.wp-block-kadence-advancedheading.kt-adv-heading455_f6f0ab-df img.kb-inline-image, .wp-block-kadence-advancedheading.kt-adv-heading455_f6f0ab-df[data-kb-block=\"kb-adv-heading455_f6f0ab-df\"] img.kb-inline-image{width:150px;vertical-align:baseline;}<\/style>\n<p class=\"kt-adv-heading455_f6f0ab-df wp-block-kadence-advancedheading\" data-kb-block=\"kb-adv-heading455_f6f0ab-df\">Conform\u00e9ment au R\u00e8glement G\u00e9n\u00e9ral sur la Protection des Donn\u00e9es (RGPD) et \u00e0 la l\u00e9gislation belge, vous disposez d&rsquo;un droit d&rsquo;acc\u00e8s, de rectification, de portabilit\u00e9, d&rsquo;effacement de vos donn\u00e9es personnelles, ou encore de limitation du traitement. Pour exercer ces droits, vous pouvez nous contacter \u00e0 l&rsquo;adresse suivante : <a href=\"mailto:contact@lesfillesbonhomme.be\">contact@lesfillesbonhomme.be<\/a>.<\/p>\n\n\n<style>.wp-block-kadence-advancedheading.kt-adv-heading455_365c33-a6, .wp-block-kadence-advancedheading.kt-adv-heading455_365c33-a6[data-kb-block=\"kb-adv-heading455_365c33-a6\"]{font-style:normal;}.wp-block-kadence-advancedheading.kt-adv-heading455_365c33-a6 mark.kt-highlight, .wp-block-kadence-advancedheading.kt-adv-heading455_365c33-a6[data-kb-block=\"kb-adv-heading455_365c33-a6\"] mark.kt-highlight{font-style:normal;color:#f76a0c;-webkit-box-decoration-break:clone;box-decoration-break:clone;padding-top:0px;padding-right:0px;padding-bottom:0px;padding-left:0px;}.wp-block-kadence-advancedheading.kt-adv-heading455_365c33-a6 img.kb-inline-image, .wp-block-kadence-advancedheading.kt-adv-heading455_365c33-a6[data-kb-block=\"kb-adv-heading455_365c33-a6\"] img.kb-inline-image{width:150px;vertical-align:baseline;}<\/style>\n<h2 class=\"kt-adv-heading455_365c33-a6 wp-block-kadence-advancedheading\" data-kb-block=\"kb-adv-heading455_365c33-a6\">4. Limitation de responsabilit\u00e9<\/h2>\n\n\n<style>.wp-block-kadence-advancedheading.kt-adv-heading455_450515-ab, .wp-block-kadence-advancedheading.kt-adv-heading455_450515-ab[data-kb-block=\"kb-adv-heading455_450515-ab\"]{font-style:normal;}.wp-block-kadence-advancedheading.kt-adv-heading455_450515-ab mark.kt-highlight, .wp-block-kadence-advancedheading.kt-adv-heading455_450515-ab[data-kb-block=\"kb-adv-heading455_450515-ab\"] mark.kt-highlight{font-style:normal;color:#f76a0c;-webkit-box-decoration-break:clone;box-decoration-break:clone;padding-top:0px;padding-right:0px;padding-bottom:0px;padding-left:0px;}.wp-block-kadence-advancedheading.kt-adv-heading455_450515-ab img.kb-inline-image, .wp-block-kadence-advancedheading.kt-adv-heading455_450515-ab[data-kb-block=\"kb-adv-heading455_450515-ab\"] img.kb-inline-image{width:150px;vertical-align:baseline;}<\/style>\n<p class=\"kt-adv-heading455_450515-ab wp-block-kadence-advancedheading\" data-kb-block=\"kb-adv-heading455_450515-ab\">L\u2019entreprise dans son ensemble ainsi que ses membres (ci-apr\u00e8s \u00ab\u00a0Les Filles Bonhomme\u00a0\u00bb) s\u2019efforce de fournir sur le site (<a href=\"http:\/\/lesfillesbonhomme.be\">lesfillesbonhomme.be<\/a>) des informations aussi pr\u00e9cises que possible. Toutefois, elle ne pourra \u00eatre tenu responsable des omissions, des inexactitudes et des carences dans la mise \u00e0 jour, qu&rsquo;elles soient de son fait ou du fait des tiers partenaires qui lui fournissent ces informations.<\/p>\n\n\n<style>.wp-block-kadence-advancedheading.kt-adv-heading455_510aa2-c0, .wp-block-kadence-advancedheading.kt-adv-heading455_510aa2-c0[data-kb-block=\"kb-adv-heading455_510aa2-c0\"]{font-style:normal;}.wp-block-kadence-advancedheading.kt-adv-heading455_510aa2-c0 mark.kt-highlight, .wp-block-kadence-advancedheading.kt-adv-heading455_510aa2-c0[data-kb-block=\"kb-adv-heading455_510aa2-c0\"] mark.kt-highlight{font-style:normal;color:#f76a0c;-webkit-box-decoration-break:clone;box-decoration-break:clone;padding-top:0px;padding-right:0px;padding-bottom:0px;padding-left:0px;}.wp-block-kadence-advancedheading.kt-adv-heading455_510aa2-c0 img.kb-inline-image, .wp-block-kadence-advancedheading.kt-adv-heading455_510aa2-c0[data-kb-block=\"kb-adv-heading455_510aa2-c0\"] img.kb-inline-image{width:150px;vertical-align:baseline;}<\/style>\n<h2 class=\"kt-adv-heading455_510aa2-c0 wp-block-kadence-advancedheading\" data-kb-block=\"kb-adv-heading455_510aa2-c0\">5. Liens hypertextes<\/h2>\n\n\n<style>.wp-block-kadence-advancedheading.kt-adv-heading455_73f4fe-a1, .wp-block-kadence-advancedheading.kt-adv-heading455_73f4fe-a1[data-kb-block=\"kb-adv-heading455_73f4fe-a1\"]{font-style:normal;}.wp-block-kadence-advancedheading.kt-adv-heading455_73f4fe-a1 mark.kt-highlight, .wp-block-kadence-advancedheading.kt-adv-heading455_73f4fe-a1[data-kb-block=\"kb-adv-heading455_73f4fe-a1\"] mark.kt-highlight{font-style:normal;color:#f76a0c;-webkit-box-decoration-break:clone;box-decoration-break:clone;padding-top:0px;padding-right:0px;padding-bottom:0px;padding-left:0px;}.wp-block-kadence-advancedheading.kt-adv-heading455_73f4fe-a1 img.kb-inline-image, .wp-block-kadence-advancedheading.kt-adv-heading455_73f4fe-a1[data-kb-block=\"kb-adv-heading455_73f4fe-a1\"] img.kb-inline-image{width:150px;vertical-align:baseline;}<\/style>\n<p class=\"kt-adv-heading455_73f4fe-a1 wp-block-kadence-advancedheading\" data-kb-block=\"kb-adv-heading455_73f4fe-a1\">Le site (<a href=\"http:\/\/lesfillesbonhomme.be\">lesfillesbonhomme.be<\/a>) peut contenir des liens hypertextes vers d&rsquo;autres sites pr\u00e9sents sur le r\u00e9seau Internet. Les Filles Bonhomme n&rsquo;a pas la possibilit\u00e9 de v\u00e9rifier le contenu des sites ainsi visit\u00e9s, et n&rsquo;assumera en cons\u00e9quence aucune responsabilit\u00e9 de ce fait.<\/p>\n\n\n<style>.wp-block-kadence-advancedheading.kt-adv-heading455_d3dbb6-7a, .wp-block-kadence-advancedheading.kt-adv-heading455_d3dbb6-7a[data-kb-block=\"kb-adv-heading455_d3dbb6-7a\"]{font-style:normal;}.wp-block-kadence-advancedheading.kt-adv-heading455_d3dbb6-7a mark.kt-highlight, .wp-block-kadence-advancedheading.kt-adv-heading455_d3dbb6-7a[data-kb-block=\"kb-adv-heading455_d3dbb6-7a\"] mark.kt-highlight{font-style:normal;color:#f76a0c;-webkit-box-decoration-break:clone;box-decoration-break:clone;padding-top:0px;padding-right:0px;padding-bottom:0px;padding-left:0px;}.wp-block-kadence-advancedheading.kt-adv-heading455_d3dbb6-7a img.kb-inline-image, .wp-block-kadence-advancedheading.kt-adv-heading455_d3dbb6-7a[data-kb-block=\"kb-adv-heading455_d3dbb6-7a\"] img.kb-inline-image{width:150px;vertical-align:baseline;}<\/style>\n<h2 class=\"kt-adv-heading455_d3dbb6-7a wp-block-kadence-advancedheading\" data-kb-block=\"kb-adv-heading455_d3dbb6-7a\">6. Droit applicable et attribution de juridiction<\/h2>\n\n\n<style>.wp-block-kadence-advancedheading.kt-adv-heading455_420033-77, .wp-block-kadence-advancedheading.kt-adv-heading455_420033-77[data-kb-block=\"kb-adv-heading455_420033-77\"]{font-style:normal;}.wp-block-kadence-advancedheading.kt-adv-heading455_420033-77 mark.kt-highlight, .wp-block-kadence-advancedheading.kt-adv-heading455_420033-77[data-kb-block=\"kb-adv-heading455_420033-77\"] mark.kt-highlight{font-style:normal;color:#f76a0c;-webkit-box-decoration-break:clone;box-decoration-break:clone;padding-top:0px;padding-right:0px;padding-bottom:0px;padding-left:0px;}.wp-block-kadence-advancedheading.kt-adv-heading455_420033-77 img.kb-inline-image, .wp-block-kadence-advancedheading.kt-adv-heading455_420033-77[data-kb-block=\"kb-adv-heading455_420033-77\"] img.kb-inline-image{width:150px;vertical-align:baseline;}<\/style>\n<p class=\"kt-adv-heading455_420033-77 wp-block-kadence-advancedheading\" data-kb-block=\"kb-adv-heading455_420033-77\">Tout litige en relation avec l&rsquo;utilisation du site (<a href=\"http:\/\/lesfillesbonhomme.be\">lesfillesbonhomme.be<\/a>) est soumis au droit belge. Il est fait attribution exclusive de juridiction aux tribunaux comp\u00e9tents d\u2019Arlon.<\/p>\n<\/div><\/div>\n\n<\/div><\/div>","protected":false},"excerpt":{"rendered":"<p>Mentions L\u00e9gales 1. Pr\u00e9sentation du site Propri\u00e9taire du site : Les filles Bonhomme Rue de l\u2019Enfer 215, 6730 Saint-Vincent [+32 499 21 26 63] contact@lesfillesbonhomme.be N\u00b0 d&rsquo;entreprise : 0764.536.776 Directeur de la publication : Sandrine Bonhommecontact@lesfillesbonhomme.be H\u00e9bergeur du site : Hostinger Certification Biologique Certisys, BE -BIO &#8211; 01 2.Propri\u00e9t\u00e9 intellectuelle Le contenu du site (lesfillesbonhomme.be)&#8230;<\/p>\n","protected":false},"author":1,"featured_media":0,"parent":0,"menu_order":0,"comment_status":"closed","ping_status":"closed","template":"","meta":{"_kad_post_transparent":"","_kad_post_title":"","_kad_post_layout":"","_kad_post_sidebar_id":"","_kad_post_content_style":"","_kad_post_vertical_padding":"","_kad_post_feature":"","_kad_post_feature_position":"","_kad_post_header":false,"_kad_post_footer":false,"_kad_post_classname":"","slim_seo":{"noindex":"1","title":"Mentions l\u00e9gales - Maraichage local, familial et biologique","description":""},"two_page_speed":[],"footnotes":""},"class_list":["post-455","page","type-page","status-publish","hentry"],"_links":{"self":[{"href":"http:\/\/lesfillesbonhomme.be\/wp-json\/wp\/v2\/pages\/455","targetHints":{"allow":["GET"]}}],"collection":[{"href":"http:\/\/lesfillesbonhomme.be\/wp-json\/wp\/v2\/pages"}],"about":[{"href":"http:\/\/lesfillesbonhomme.be\/wp-json\/wp\/v2\/types\/page"}],"author":[{"embeddable":true,"href":"http:\/\/lesfillesbonhomme.be\/wp-json\/wp\/v2\/users\/1"}],"replies":[{"embeddable":true,"href":"http:\/\/lesfillesbonhomme.be\/wp-json\/wp\/v2\/comments?post=455"}],"version-history":[{"count":5,"href":"http:\/\/lesfillesbonhomme.be\/wp-json\/wp\/v2\/pages\/455\/revisions"}],"predecessor-version":[{"id":564,"href":"http:\/\/lesfillesbonhomme.be\/wp-json\/wp\/v2\/pages\/455\/revisions\/564"}],"wp:attachment":[{"href":"http:\/\/lesfillesbonhomme.be\/wp-json\/wp\/v2\/media?parent=455"}],"curies":[{"name":"wp","href":"https:\/\/api.w.org\/{rel}","templated":true}]}}